{"id":6837,"date":"2023-11-16T13:46:59","date_gmt":"2023-11-16T13:46:59","guid":{"rendered":"https:\/\/demo.wpzoom.com\/inspiro-lite-blocks-xml\/?page_id=6837"},"modified":"2026-04-09T08:07:41","modified_gmt":"2026-04-09T08:07:41","slug":"om-ae-gruppen","status":"publish","type":"page","link":"https:\/\/aegruppen.no\/om-ae-gruppen\/","title":{"rendered":"Om AE Gruppen"},"content":{"rendered":"\n<div class=\"wp-block-group is-style-default has-global-padding is-content-justification-center is-layout-constrained wp-container-core-group-is-layout-6086c612 wp-block-group-is-layout-constrained\" style=\"padding-top:0;padding-bottom:var(--wp--preset--spacing--medium);padding-left:0\">\n<div class=\"wp-block-group has-global-padding is-layout-constrained wp-block-group-is-layout-constrained\">\n<div class=\"wp-block-columns is-layout-flex wp-container-core-columns-is-layout-d7d455e7 wp-block-columns-is-layout-flex\" style=\"padding-top:0;padding-right:0;padding-bottom:0;padding-left:0\">\n<div class=\"wp-block-column is-vertically-aligned-top is-layout-flow wp-block-column-is-layout-flow\" style=\"flex-basis:50%\">\n<figure class=\"wp-block-image alignleft size-large\"><img loading=\"lazy\" decoding=\"async\" width=\"1024\" height=\"683\" src=\"https:\/\/aegruppen.no\/wp-content\/uploads\/2025\/12\/H8A0295-1024x683.jpg\" alt=\"\" class=\"wp-image-7185\" srcset=\"https:\/\/aegruppen.no\/wp-content\/uploads\/2025\/12\/H8A0295-1024x683.jpg 1024w, https:\/\/aegruppen.no\/wp-content\/uploads\/2025\/12\/H8A0295-300x200.jpg 300w, https:\/\/aegruppen.no\/wp-content\/uploads\/2025\/12\/H8A0295.jpg 1900w\" sizes=\"auto, (max-width: 1024px) 100vw, 1024px\" \/><\/figure>\n<\/div>\n\n\n\n<div class=\"wp-block-column is-vertically-aligned-center is-layout-flow wp-block-column-is-layout-flow\" style=\"padding-left:0rem;flex-basis:50%\">\n<h1 class=\"wp-block-heading has-max-60-font-size\">Hvem er vi?<\/h1>\n\n\n\n<p>AE Gruppen er et konsern best\u00e5ende av datterselskaper innenfor flere virksomhetsomr\u00e5der. Selskapet ble stiftet i 1996, og har gjennom \u00e5rene ekspandert innenfor sine bransjer.<\/p>\n\n\n\n<p>Familieeide AE Gruppen skal v\u00e6re aktive eiere. Vi strekker oss langt for \u00e5 utvikle de selskapene vi satser p\u00e5. Derfor er det best for oss \u00e5 v\u00e6re majoritetseiere. Vi vil hele tiden st\u00f8tte og utfordre ledelsen i de selskapene vi eier.<\/p>\n<\/div>\n<\/div>\n<\/div>\n\n\n\n<div style=\"color:#ddd\" class=\"wp-block-genesis-blocks-gb-spacer gb-block-spacer gb-divider-solid gb-divider-size-1\"><hr style=\"height:6px\"\/><\/div>\n\n\n\n<p><strong>Vi jobber verdibasert.<\/strong>&nbsp;Derfor har vi lederprinsipper som gjelder alle ledere i AE Gruppens selskaper. De er nedfelt i en egen lederh\u00e5ndbok og den tar vi fram titt og ofte.<\/p>\n\n\n\n<p><strong>Vi tenker langsiktig.<\/strong>&nbsp;Vi er opptatt av at fremtidige verdier skal g\u00e5 foran kortsiktige gevinster. Samtidig har vi vist at vi er \u00e5pne for \u00e5 selge selskaper vi har utviklet, og som vil f\u00e5 en enda sterkere utvikling med nye eiere.<\/p>\n\n\n\n<p><strong>Vi utvikler talenter.&nbsp;<\/strong>N\u00e5r du begynner i AE Gruppen tar vi utgangspunkt i dine ambisjoner og hjelper deg lenger enn du vil kunne oppleve mange andre steder. For de rette folkene er det kort vei til neste spennende jobb med st\u00f8rre ansvar i AE Gruppen. Det sikrer rekrutteringen av gode ledere til selskapene v\u00e5re.<\/p>\n\n\n\n<p>For oss er det viktig at de verdiene vi skaper, bidrar til et sterkt lokalsamfunn. V\u00e5r filosofi er enkel: n\u00e5r de som jobber i AE Gruppens selskaper har kort vei mellom bolig, familie, jobb, butikker og opplevelser, blir helheten i livet best.<\/p>\n<\/div>\n","protected":false},"excerpt":{"rendered":"<p>Hvem er vi? AE Gruppen er et konsern best\u00e5ende av datterselskaper innenfor flere virksomhetsomr\u00e5der. Selskapet ble stiftet i 1996, og har gjennom \u00e5rene ekspandert innenfor sine bransjer. Familieeide AE Gruppen skal v\u00e6re aktive eiere. Vi strekker oss langt for \u00e5 utvikle de selskapene vi satser p\u00e5. Derfor er det best for oss \u00e5 v\u00e6re majoritetseiere. &hellip; <\/p>\n<p class=\"link-more\"><a href=\"https:\/\/aegruppen.no\/om-ae-gruppen\/\" class=\"more-link\">Read more<span class=\"screen-reader-text\"> &#8220;Om AE Gruppen&#8221;<\/span><\/a><\/p>\n","protected":false},"author":2,"featured_media":0,"parent":0,"menu_order":0,"comment_status":"closed","ping_status":"closed","template":"","meta":{"inspiro_hide_title":false,"footnotes":""},"class_list":["post-6837","page","type-page","status-publish","hentry"],"yoast_head":"<!-- This site is optimized with the Yoast SEO plugin v27.4 - https:\/\/yoast.com\/product\/yoast-seo-wordpress\/ -->\n<title>Om AE Gruppen<\/title>\n<meta name=\"description\" content=\"Familieeide AE Gruppen best\u00e5r av datterselskaper innenfor flere virksomhetsomr\u00e5der. Vi strekker oss langt for \u00e5 st\u00f8tte v\u00e5re selskaper.\" \/>\n<meta name=\"robots\" content=\"index, follow, max-snippet:-1, max-image-preview:large, max-video-preview:-1\" \/>\n<link rel=\"canonical\" href=\"https:\/\/aegruppen.no\/om-ae-gruppen\/\" \/>\n<meta property=\"og:locale\" content=\"en_US\" \/>\n<meta property=\"og:type\" content=\"article\" \/>\n<meta property=\"og:title\" content=\"Om AE Gruppen\" \/>\n<meta property=\"og:description\" content=\"Familieeide AE Gruppen best\u00e5r av datterselskaper innenfor flere virksomhetsomr\u00e5der. Vi strekker oss langt for \u00e5 st\u00f8tte v\u00e5re selskaper.\" \/>\n<meta property=\"og:url\" content=\"https:\/\/aegruppen.no\/om-ae-gruppen\/\" \/>\n<meta property=\"og:site_name\" content=\"AE Gruppen\" \/>\n<meta property=\"article:modified_time\" content=\"2026-04-09T08:07:41+00:00\" \/>\n<meta property=\"og:image\" content=\"https:\/\/aegruppen.no\/wp-content\/uploads\/2025\/12\/H8A0295-1024x683.jpg\" \/>\n<meta name=\"twitter:card\" content=\"summary_large_image\" \/>\n<meta name=\"twitter:label1\" content=\"Est. reading time\" \/>\n\t<meta name=\"twitter:data1\" content=\"2 minutes\" \/>\n<script type=\"application\/ld+json\" class=\"yoast-schema-graph\">{\"@context\":\"https:\\\/\\\/schema.org\",\"@graph\":[{\"@type\":\"WebPage\",\"@id\":\"https:\\\/\\\/aegruppen.no\\\/om-ae-gruppen\\\/\",\"url\":\"https:\\\/\\\/aegruppen.no\\\/om-ae-gruppen\\\/\",\"name\":\"Om AE Gruppen\",\"isPartOf\":{\"@id\":\"https:\\\/\\\/aegruppen.no\\\/#website\"},\"primaryImageOfPage\":{\"@id\":\"https:\\\/\\\/aegruppen.no\\\/om-ae-gruppen\\\/#primaryimage\"},\"image\":{\"@id\":\"https:\\\/\\\/aegruppen.no\\\/om-ae-gruppen\\\/#primaryimage\"},\"thumbnailUrl\":\"https:\\\/\\\/aegruppen.no\\\/wp-content\\\/uploads\\\/2025\\\/12\\\/H8A0295-1024x683.jpg\",\"datePublished\":\"2023-11-16T13:46:59+00:00\",\"dateModified\":\"2026-04-09T08:07:41+00:00\",\"description\":\"Familieeide AE Gruppen best\u00e5r av datterselskaper innenfor flere virksomhetsomr\u00e5der. Vi strekker oss langt for \u00e5 st\u00f8tte v\u00e5re selskaper.\",\"breadcrumb\":{\"@id\":\"https:\\\/\\\/aegruppen.no\\\/om-ae-gruppen\\\/#breadcrumb\"},\"inLanguage\":\"en-US\",\"potentialAction\":[{\"@type\":\"ReadAction\",\"target\":[\"https:\\\/\\\/aegruppen.no\\\/om-ae-gruppen\\\/\"]}]},{\"@type\":\"ImageObject\",\"inLanguage\":\"en-US\",\"@id\":\"https:\\\/\\\/aegruppen.no\\\/om-ae-gruppen\\\/#primaryimage\",\"url\":\"https:\\\/\\\/aegruppen.no\\\/wp-content\\\/uploads\\\/2025\\\/12\\\/H8A0295.jpg\",\"contentUrl\":\"https:\\\/\\\/aegruppen.no\\\/wp-content\\\/uploads\\\/2025\\\/12\\\/H8A0295.jpg\",\"width\":1900,\"height\":1267},{\"@type\":\"BreadcrumbList\",\"@id\":\"https:\\\/\\\/aegruppen.no\\\/om-ae-gruppen\\\/#breadcrumb\",\"itemListElement\":[{\"@type\":\"ListItem\",\"position\":1,\"name\":\"Home\",\"item\":\"https:\\\/\\\/aegruppen.no\\\/\"},{\"@type\":\"ListItem\",\"position\":2,\"name\":\"Om AE Gruppen\"}]},{\"@type\":\"WebSite\",\"@id\":\"https:\\\/\\\/aegruppen.no\\\/#website\",\"url\":\"https:\\\/\\\/aegruppen.no\\\/\",\"name\":\"AE Gruppen\",\"description\":\"\",\"publisher\":{\"@id\":\"https:\\\/\\\/aegruppen.no\\\/#organization\"},\"potentialAction\":[{\"@type\":\"SearchAction\",\"target\":{\"@type\":\"EntryPoint\",\"urlTemplate\":\"https:\\\/\\\/aegruppen.no\\\/?s={search_term_string}\"},\"query-input\":{\"@type\":\"PropertyValueSpecification\",\"valueRequired\":true,\"valueName\":\"search_term_string\"}}],\"inLanguage\":\"en-US\"},{\"@type\":\"Organization\",\"@id\":\"https:\\\/\\\/aegruppen.no\\\/#organization\",\"name\":\"AE Gruppen\",\"url\":\"https:\\\/\\\/aegruppen.no\\\/\",\"logo\":{\"@type\":\"ImageObject\",\"inLanguage\":\"en-US\",\"@id\":\"https:\\\/\\\/aegruppen.no\\\/#\\\/schema\\\/logo\\\/image\\\/\",\"url\":\"https:\\\/\\\/aegruppen.no\\\/wp-content\\\/uploads\\\/2025\\\/04\\\/cropped-AE-Gruppen-logo-2024-scaled-1.png\",\"contentUrl\":\"https:\\\/\\\/aegruppen.no\\\/wp-content\\\/uploads\\\/2025\\\/04\\\/cropped-AE-Gruppen-logo-2024-scaled-1.png\",\"width\":2560,\"height\":777,\"caption\":\"AE Gruppen\"},\"image\":{\"@id\":\"https:\\\/\\\/aegruppen.no\\\/#\\\/schema\\\/logo\\\/image\\\/\"}}]}<\/script>\n<!-- \/ Yoast SEO plugin. -->","yoast_head_json":{"title":"Om AE Gruppen","description":"Familieeide AE Gruppen best\u00e5r av datterselskaper innenfor flere virksomhetsomr\u00e5der. Vi strekker oss langt for \u00e5 st\u00f8tte v\u00e5re selskaper.","robots":{"index":"index","follow":"follow","max-snippet":"max-snippet:-1","max-image-preview":"max-image-preview:large","max-video-preview":"max-video-preview:-1"},"canonical":"https:\/\/aegruppen.no\/om-ae-gruppen\/","og_locale":"en_US","og_type":"article","og_title":"Om AE Gruppen","og_description":"Familieeide AE Gruppen best\u00e5r av datterselskaper innenfor flere virksomhetsomr\u00e5der. Vi strekker oss langt for \u00e5 st\u00f8tte v\u00e5re selskaper.","og_url":"https:\/\/aegruppen.no\/om-ae-gruppen\/","og_site_name":"AE Gruppen","article_modified_time":"2026-04-09T08:07:41+00:00","og_image":[{"url":"https:\/\/aegruppen.no\/wp-content\/uploads\/2025\/12\/H8A0295-1024x683.jpg","type":"","width":"","height":""}],"twitter_card":"summary_large_image","twitter_misc":{"Est. reading time":"2 minutes"},"schema":{"@context":"https:\/\/schema.org","@graph":[{"@type":"WebPage","@id":"https:\/\/aegruppen.no\/om-ae-gruppen\/","url":"https:\/\/aegruppen.no\/om-ae-gruppen\/","name":"Om AE Gruppen","isPartOf":{"@id":"https:\/\/aegruppen.no\/#website"},"primaryImageOfPage":{"@id":"https:\/\/aegruppen.no\/om-ae-gruppen\/#primaryimage"},"image":{"@id":"https:\/\/aegruppen.no\/om-ae-gruppen\/#primaryimage"},"thumbnailUrl":"https:\/\/aegruppen.no\/wp-content\/uploads\/2025\/12\/H8A0295-1024x683.jpg","datePublished":"2023-11-16T13:46:59+00:00","dateModified":"2026-04-09T08:07:41+00:00","description":"Familieeide AE Gruppen best\u00e5r av datterselskaper innenfor flere virksomhetsomr\u00e5der. Vi strekker oss langt for \u00e5 st\u00f8tte v\u00e5re selskaper.","breadcrumb":{"@id":"https:\/\/aegruppen.no\/om-ae-gruppen\/#breadcrumb"},"inLanguage":"en-US","potentialAction":[{"@type":"ReadAction","target":["https:\/\/aegruppen.no\/om-ae-gruppen\/"]}]},{"@type":"ImageObject","inLanguage":"en-US","@id":"https:\/\/aegruppen.no\/om-ae-gruppen\/#primaryimage","url":"https:\/\/aegruppen.no\/wp-content\/uploads\/2025\/12\/H8A0295.jpg","contentUrl":"https:\/\/aegruppen.no\/wp-content\/uploads\/2025\/12\/H8A0295.jpg","width":1900,"height":1267},{"@type":"BreadcrumbList","@id":"https:\/\/aegruppen.no\/om-ae-gruppen\/#breadcrumb","itemListElement":[{"@type":"ListItem","position":1,"name":"Home","item":"https:\/\/aegruppen.no\/"},{"@type":"ListItem","position":2,"name":"Om AE Gruppen"}]},{"@type":"WebSite","@id":"https:\/\/aegruppen.no\/#website","url":"https:\/\/aegruppen.no\/","name":"AE Gruppen","description":"","publisher":{"@id":"https:\/\/aegruppen.no\/#organization"},"potentialAction":[{"@type":"SearchAction","target":{"@type":"EntryPoint","urlTemplate":"https:\/\/aegruppen.no\/?s={search_term_string}"},"query-input":{"@type":"PropertyValueSpecification","valueRequired":true,"valueName":"search_term_string"}}],"inLanguage":"en-US"},{"@type":"Organization","@id":"https:\/\/aegruppen.no\/#organization","name":"AE Gruppen","url":"https:\/\/aegruppen.no\/","logo":{"@type":"ImageObject","inLanguage":"en-US","@id":"https:\/\/aegruppen.no\/#\/schema\/logo\/image\/","url":"https:\/\/aegruppen.no\/wp-content\/uploads\/2025\/04\/cropped-AE-Gruppen-logo-2024-scaled-1.png","contentUrl":"https:\/\/aegruppen.no\/wp-content\/uploads\/2025\/04\/cropped-AE-Gruppen-logo-2024-scaled-1.png","width":2560,"height":777,"caption":"AE Gruppen"},"image":{"@id":"https:\/\/aegruppen.no\/#\/schema\/logo\/image\/"}}]}},"featured_image_src":null,"featured_image_src_square":null,"guten_post_layout_featured_media_urls":{"full":false,"thumbnail":false,"medium":false,"medium_large":false,"large":false,"1536x1536":false,"2048x2048":false,"gb-block-post-grid-landscape":false,"gb-block-post-grid-square":false,"guten_post_layout_landscape_large":false,"guten_post_layout_portrait_large":false,"guten_post_layout_square_large":false,"guten_post_layout_landscape":false,"guten_post_layout_portrait":false,"guten_post_layout_square":false,"inspiro-featured-image":false,"inspiro-loop":false,"inspiro-loop@2x":false,"portfolio_item-thumbnail":false,"portfolio_item-thumbnail@2x":false,"portfolio_item-masonry":false,"portfolio_item-masonry@2x":false,"portfolio_item-thumbnail_cinema":false,"portfolio_item-thumbnail_portrait":false,"portfolio_item-thumbnail_portrait@2x":false,"portfolio_item-thumbnail_square":false},"featured_media_urls":[],"_links":{"self":[{"href":"https:\/\/aegruppen.no\/wp-json\/wp\/v2\/pages\/6837","targetHints":{"allow":["GET"]}}],"collection":[{"href":"https:\/\/aegruppen.no\/wp-json\/wp\/v2\/pages"}],"about":[{"href":"https:\/\/aegruppen.no\/wp-json\/wp\/v2\/types\/page"}],"author":[{"embeddable":true,"href":"https:\/\/aegruppen.no\/wp-json\/wp\/v2\/users\/2"}],"replies":[{"embeddable":true,"href":"https:\/\/aegruppen.no\/wp-json\/wp\/v2\/comments?post=6837"}],"version-history":[{"count":0,"href":"https:\/\/aegruppen.no\/wp-json\/wp\/v2\/pages\/6837\/revisions"}],"wp:attachment":[{"href":"https:\/\/aegruppen.no\/wp-json\/wp\/v2\/media?parent=6837"}],"curies":[{"name":"wp","href":"https:\/\/api.w.org\/{rel}","templated":true}]}}